{"id":3,"date":"2020-09-06T23:44:32","date_gmt":"2020-09-06T23:44:32","guid":{"rendered":"https:\/\/calaopartenaires.com\/?page_id=3"},"modified":"2023-12-18T19:54:23","modified_gmt":"2023-12-18T19:54:23","slug":"politique-de-confidentialite","status":"publish","type":"page","link":"https:\/\/calaopartenaires.com\/en\/politique-de-confidentialite\/","title":{"rendered":"Politique de confidentialit\u00e9"},"content":{"rendered":"<div data-elementor-type=\"wp-page\" data-elementor-id=\"3\" class=\"elementor elementor-3\" data-elementor-settings=\"{&quot;ha_cmc_init_switcher&quot;:&quot;no&quot;}\" data-elementor-post-type=\"page\">\n\t\t\t\t\t\t<section class=\"elementor-section elementor-top-section elementor-element elementor-element-2c873e2d elementor-section-boxed elementor-section-height-default elementor-section-height-default\" data-id=\"2c873e2d\" data-element_type=\"section\" data-settings=\"{&quot;_ha_eqh_enable&quot;:false}\">\n\t\t\t\t\t\t<div class=\"elementor-container elementor-column-gap-default\">\n\t\t\t\t\t<div class=\"elementor-column elementor-col-100 elementor-top-column elementor-element elementor-element-34295e33\" data-id=\"34295e33\" data-element_type=\"column\">\n\t\t\t<div class=\"elementor-widget-wrap elementor-element-populated\">\n\t\t\t\t\t\t<div class=\"elementor-element elementor-element-44662de5 elementor-widget elementor-widget-text-editor\" data-id=\"44662de5\" data-element_type=\"widget\" data-widget_type=\"text-editor.default\">\n\t\t\t\t<div class=\"elementor-widget-container\">\n\t\t\t\t\t\t\t\t\t<h2>Introduction<\/h2>\n<p>Calao Partenaires, operating under the domain name calaopartenaires.com, is keen to respect the privacy of its users and is committed to protecting their personal data in accordance with the General Data Protection Regulation (GDPR).<\/p>\n<h2>Collection of Personal Data<\/h2>\n<p>We only collect personal data that you voluntarily provide to us via our contact form, including your name and email address.<\/p>\n<h2>Use of Data<\/h2>\n<p>The personal data collected is used exclusively for the purpose of responding to your requests for information and for communication with Calao Partenaires. They will under no circumstances be used for marketing purposes or transmitted to third parties without your explicit consent.<\/p>\n<h2>Data Security<\/h2>\n<p>We implement all necessary measures to ensure the security of your personal data against unauthorized access, modification, disclosure or destruction.<\/p>\n<h2>Your rights<\/h2>\n<p>In accordance with the GDPR, you have the rights of access, rectification, deletion and portability of your personal data. To exercise these rights, please contact us using the contact details provided on our site.<\/p>\n<h2>No Cookies<\/h2>\n<p>We would like to inform our users that our site, calaopartenaires.com, does not use cookies.<\/p>\n<h2>Changes to the Privacy Policy<\/h2>\n<p>Calao Partenaires reserves the right to modify this confidentiality policy at any time. All changes will be published on our website.<\/p>\n<h2>Contact<\/h2>\n<p>For any questions regarding this privacy policy, please contact Calao Partenaires via the contact details available on our website.<\/p>\n<p>This policy is a template and may require adjustments to precisely meet the needs and requirements of your location and business. It is advisable to consult an expert in personal data law to ensure full compliance with GDPR and other applicable regulations.<\/p>\t\t\t\t\t\t\t\t<\/div>\n\t\t\t\t<\/div>\n\t\t\t\t\t<\/div>\n\t\t<\/div>\n\t\t\t\t\t<\/div>\n\t\t<\/section>\n\t\t\t\t<\/div>","protected":false},"excerpt":{"rendered":"<p>Introduction Calao Partenaires, op\u00e9rant sous le nom de domaine calaopartenaires.com, tient \u00e0 respecter la vie priv\u00e9e de ses utilisateurs et s&rsquo;engage \u00e0 prot\u00e9ger leurs donn\u00e9es personnelles conform\u00e9ment au R\u00e8glement G\u00e9n\u00e9ral sur la Protection des Donn\u00e9es (RGPD). Collecte des Donn\u00e9es Personnelles Nous recueillons uniquement les donn\u00e9es personnelles que vous nous fournissez volontairement via notre formulaire de [&hellip;]<\/p>","protected":false},"author":1,"featured_media":0,"parent":0,"menu_order":0,"comment_status":"closed","ping_status":"closed","template":"","meta":{"footnotes":""},"class_list":["post-3","page","type-page","status-publish","hentry","entry"],"_links":{"self":[{"href":"https:\/\/calaopartenaires.com\/en\/wp-json\/wp\/v2\/pages\/3","targetHints":{"allow":["GET"]}}],"collection":[{"href":"https:\/\/calaopartenaires.com\/en\/wp-json\/wp\/v2\/pages"}],"about":[{"href":"https:\/\/calaopartenaires.com\/en\/wp-json\/wp\/v2\/types\/page"}],"author":[{"embeddable":true,"href":"https:\/\/calaopartenaires.com\/en\/wp-json\/wp\/v2\/users\/1"}],"replies":[{"embeddable":true,"href":"https:\/\/calaopartenaires.com\/en\/wp-json\/wp\/v2\/comments?post=3"}],"version-history":[{"count":3,"href":"https:\/\/calaopartenaires.com\/en\/wp-json\/wp\/v2\/pages\/3\/revisions"}],"predecessor-version":[{"id":698,"href":"https:\/\/calaopartenaires.com\/en\/wp-json\/wp\/v2\/pages\/3\/revisions\/698"}],"wp:attachment":[{"href":"https:\/\/calaopartenaires.com\/en\/wp-json\/wp\/v2\/media?parent=3"}],"curies":[{"name":"wp","href":"https:\/\/api.w.org\/{rel}","templated":true}]}}